{"id":1022,"date":"2025-03-18T13:54:33","date_gmt":"2025-03-24T08:58:02","guid":{"rendered":"https:\/\/pivnicapalik.sk\/?post_type=product&#038;p=1022"},"modified":"2025-07-10T08:53:36","modified_gmt":"2025-07-10T08:53:36","slug":"peszeki-leanyka-2022","status":"publish","type":"product","link":"https:\/\/pivnicapalik.sk\/hu\/produkt\/peszeki-leanyka-2022\/","title":{"rendered":"Peszeki Le\u00e1nyka 2022"},"content":{"rendered":"<p>A sz\u0151l\u0151fajt\u00e1t Hor\u0148\u00e1\u010dek Ern\u0151, Zabadal Mih\u00e1ly seg\u00edts\u00e9g\u00e9vel nemes\u00edtette a nagypeszeki sz\u0151l\u00e9szetben az 1950-es \u00e9vekben, amikor a sz\u0151l\u00e9szet \u00e9s pinc\u00e9szet az \u00e1llami birtokhoz tartozott. Az ezt k\u00f6vet\u0151 id\u0151kben a fajta gyorsan n\u00e9pszer\u0171v\u00e9 v\u00e1lt a d\u00e9lszlov\u00e1kiai sz\u0151l\u00e9szek k\u00f6r\u00e9ben, k\u00f6sz\u00f6nhet\u0151en a bel\u0151le k\u00e9sz\u00edtett bor egyedi zamat\u00e1nak. A Peszeki Le\u00e1nyk\u00e1t Kir\u00e1lyle\u00e1nyka (Feteasca Regala), M\u00e9zesfeh\u00e9r (Medovec) \u00e9s S\u00e1rgamuskot\u00e1ly (Mu\u0161k\u00e1t \u017dlt\u00fd) keresztez\u00e9s\u00e9vel hozt\u00e1k l\u00e9tre. A sz\u0151l\u0151fajt\u00e1k ezen kombin\u00e1ci\u00f3ja a kifinomult bor\u00e1szati technol\u00f3gia seg\u00edts\u00e9g\u00e9vel egy olyan bor elk\u00e9sz\u00edt\u00e9s\u00e9t tette lehet\u0151v\u00e9, amelyet b\u00e1tran nevezhet\u00fcnk a pinc\u00e9szet\u00fcnk z\u00e1szl\u00f3shaj\u00f3j\u00e1nak. Borunk \u00fcde savgerinc\u00e9re ak\u00e1cvir\u00e1gos-m\u00e9zes arom\u00e1k \u00e9p\u00fclnek. Magabiztosan mondhatjuk, hogy illatozik mint a muskot\u00e1ly \u00e9s er\u0151teljes mint a rizling. Fogyaszt\u00e1s\u00e1t b\u00e1rmely alkalomra javasoljuk, legyen az lakodalom, csal\u00e1di \u00fcnneps\u00e9g vagy \u00e9ppen egy csendes esti pillanat, amely a fel\u00fcd\u00fcl\u00e9st hozza el nek\u00fcnk.<\/p>\n","protected":false},"excerpt":{"rendered":"<p>A sz\u0151l\u0151fajt\u00e1t Hor\u0148\u00e1\u010dek Ern\u0151, Zabadal Mih\u00e1ly seg\u00edts\u00e9g\u00e9vel nemes\u00edtette a nagypeszeki sz\u0151l\u00e9szetben az 1950-es \u00e9vekben, amikor a sz\u0151l\u00e9szet \u00e9s pinc\u00e9szet az \u00e1llami birtokhoz tartozott. Az ezt k\u00f6vet\u0151 id\u0151kben a fajta gyorsan n\u00e9pszer\u0171v\u00e9 v\u00e1lt a d\u00e9lszlov\u00e1kiai sz\u0151l\u00e9szek k\u00f6r\u00e9ben, k\u00f6sz\u00f6nhet\u0151en a bel\u0151le k\u00e9sz\u00edtett bor egyedi zamat\u00e1nak. A Peszeki Le\u00e1nyk\u00e1t Kir\u00e1lyle\u00e1nyka (Feteasca Regala), M\u00e9zesfeh\u00e9r (Medovec) \u00e9s S\u00e1rgamuskot\u00e1ly (Mu\u0161k\u00e1t \u017dlt\u00fd) [&hellip;]<\/p>\n","protected":false},"featured_media":1038,"comment_status":"open","ping_status":"closed","template":"","meta":{"inline_featured_image":false},"product_brand":[],"product_cat":[55],"product_tag":[],"class_list":{"0":"post-1022","1":"product","2":"type-product","3":"status-publish","4":"has-post-thumbnail","6":"product_cat-bio-borok","7":"pa_farba-feher","8":"pa_objem-075l-hu","9":"pa_rocnik-2022-hu","10":"pa_typ-szaraz","12":"first","13":"instock","14":"taxable","15":"shipping-taxable","16":"purchasable","17":"product-type-simple"},"_links":{"self":[{"href":"https:\/\/pivnicapalik.sk\/hu\/wp-json\/wp\/v2\/product\/1022","targetHints":{"allow":["GET"]}}],"collection":[{"href":"https:\/\/pivnicapalik.sk\/hu\/wp-json\/wp\/v2\/product"}],"about":[{"href":"https:\/\/pivnicapalik.sk\/hu\/wp-json\/wp\/v2\/types\/product"}],"replies":[{"embeddable":true,"href":"https:\/\/pivnicapalik.sk\/hu\/wp-json\/wp\/v2\/comments?post=1022"}],"wp:featuredmedia":[{"embeddable":true,"href":"https:\/\/pivnicapalik.sk\/hu\/wp-json\/wp\/v2\/media\/1038"}],"wp:attachment":[{"href":"https:\/\/pivnicapalik.sk\/hu\/wp-json\/wp\/v2\/media?parent=1022"}],"wp:term":[{"taxonomy":"product_brand","embeddable":true,"href":"https:\/\/pivnicapalik.sk\/hu\/wp-json\/wp\/v2\/product_brand?post=1022"},{"taxonomy":"product_cat","embeddable":true,"href":"https:\/\/pivnicapalik.sk\/hu\/wp-json\/wp\/v2\/product_cat?post=1022"},{"taxonomy":"product_tag","embeddable":true,"href":"https:\/\/pivnicapalik.sk\/hu\/wp-json\/wp\/v2\/product_tag?post=1022"}],"curies":[{"name":"wp","href":"https:\/\/api.w.org\/{rel}","templated":true}]}}