{"id":1024,"date":"2025-03-18T13:54:33","date_gmt":"2025-03-24T08:58:13","guid":{"rendered":"https:\/\/pivnicapalik.sk\/?post_type=product&#038;p=1024"},"modified":"2025-07-10T08:54:16","modified_gmt":"2025-07-10T08:54:16","slug":"cabernet-sauvignon-2012","status":"publish","type":"product","link":"https:\/\/pivnicapalik.sk\/hu\/produkt\/cabernet-sauvignon-2012\/","title":{"rendered":"Cabernet Sauvignon 2012"},"content":{"rendered":"<p>A\u00a02012-es \u00e9vj\u00e1rat kimondottan kedvezett a\u00a0sz\u0151l\u0151term\u00e9snek. A\u00a0min\u0151s\u00e9gi sz\u0151l\u0151 lehet\u0151v\u00e9 tette egy harmonikus \u00e9s szofisztik\u00e1lt bor elk\u00e9sz\u00edt\u00e9s\u00e9t. Savai l\u00e1gyak, csersavai b\u00e1rsonyosak, sz\u00edne rubinv\u00f6r\u00f6s, zamata mint a\u00a0cseresznyelekv\u00e1r.<\/p>\n","protected":false},"excerpt":{"rendered":"<p>A\u00a02012-es \u00e9vj\u00e1rat kimondottan kedvezett a\u00a0sz\u0151l\u0151term\u00e9snek. A\u00a0min\u0151s\u00e9gi sz\u0151l\u0151 lehet\u0151v\u00e9 tette egy harmonikus \u00e9s szofisztik\u00e1lt bor elk\u00e9sz\u00edt\u00e9s\u00e9t. Savai l\u00e1gyak, csersavai b\u00e1rsonyosak, sz\u00edne rubinv\u00f6r\u00f6s, zamata mint a\u00a0cseresznyelekv\u00e1r.<\/p>\n","protected":false},"featured_media":1034,"comment_status":"open","ping_status":"closed","template":"","meta":{"inline_featured_image":false},"product_brand":[],"product_cat":[55],"product_tag":[],"class_list":{"0":"post-1024","1":"product","2":"type-product","3":"status-publish","4":"has-post-thumbnail","6":"product_cat-bio-borok","7":"pa_farba-voros","8":"pa_objem-075l-hu","9":"pa_rocnik-2012-hu","10":"pa_typ-szaraz","12":"first","13":"instock","14":"taxable","15":"shipping-taxable","16":"purchasable","17":"product-type-simple"},"_links":{"self":[{"href":"https:\/\/pivnicapalik.sk\/hu\/wp-json\/wp\/v2\/product\/1024","targetHints":{"allow":["GET"]}}],"collection":[{"href":"https:\/\/pivnicapalik.sk\/hu\/wp-json\/wp\/v2\/product"}],"about":[{"href":"https:\/\/pivnicapalik.sk\/hu\/wp-json\/wp\/v2\/types\/product"}],"replies":[{"embeddable":true,"href":"https:\/\/pivnicapalik.sk\/hu\/wp-json\/wp\/v2\/comments?post=1024"}],"wp:featuredmedia":[{"embeddable":true,"href":"https:\/\/pivnicapalik.sk\/hu\/wp-json\/wp\/v2\/media\/1034"}],"wp:attachment":[{"href":"https:\/\/pivnicapalik.sk\/hu\/wp-json\/wp\/v2\/media?parent=1024"}],"wp:term":[{"taxonomy":"product_brand","embeddable":true,"href":"https:\/\/pivnicapalik.sk\/hu\/wp-json\/wp\/v2\/product_brand?post=1024"},{"taxonomy":"product_cat","embeddable":true,"href":"https:\/\/pivnicapalik.sk\/hu\/wp-json\/wp\/v2\/product_cat?post=1024"},{"taxonomy":"product_tag","embeddable":true,"href":"https:\/\/pivnicapalik.sk\/hu\/wp-json\/wp\/v2\/product_tag?post=1024"}],"curies":[{"name":"wp","href":"https:\/\/api.w.org\/{rel}","templated":true}]}}