{"id":1025,"date":"2025-03-18T13:54:33","date_gmt":"2025-03-24T08:58:17","guid":{"rendered":"https:\/\/pivnicapalik.sk\/?post_type=product&#038;p=1025"},"modified":"2025-07-10T08:54:34","modified_gmt":"2025-07-10T08:54:34","slug":"cabernet-sauvignon-2009","status":"publish","type":"product","link":"https:\/\/pivnicapalik.sk\/hu\/produkt\/cabernet-sauvignon-2009\/","title":{"rendered":"Cabernet Sauvignon 2009"},"content":{"rendered":"<p>A\u00a02009-es Cabernet Sauvignon borunk elk\u00e9sz\u00edt\u00e9s\u00e9hez a\u00a0sz\u0151l\u00e9szet\u00fcnk sz\u0171zterm\u00e9se adta az alapanyagot. A\u00a013,00 % alkoholtartalom lehet\u0151v\u00e9 tette borunk hossz\u00fa \u00e9rlel\u00e9s\u00e9t, amib\u0151l 6 \u00e9vet palackban t\u00f6lt\u00f6tt. Az \u00e9rlel\u00e9si id\u0151 alatt savai megszel\u00edd\u00fcltek, a\u00a0tanninok kisimultak \u00e9s a\u00a0zamata friss csereszny\u00e9b\u0151l lekv\u00e1ros jelleg\u0171v\u00e9 fejl\u0151d\u00f6tt. B\u00e1tran aj\u00e1nljuk b\u00e1rkinek, aki kedveli az \u00e9vj\u00e1ratos bork\u00fcl\u00f6nlegess\u00e9geket.<\/p>\n","protected":false},"excerpt":{"rendered":"<p>A\u00a02009-es Cabernet Sauvignon borunk elk\u00e9sz\u00edt\u00e9s\u00e9hez a\u00a0sz\u0151l\u00e9szet\u00fcnk sz\u0171zterm\u00e9se adta az alapanyagot. A\u00a013,00 % alkoholtartalom lehet\u0151v\u00e9 tette borunk hossz\u00fa \u00e9rlel\u00e9s\u00e9t, amib\u0151l 6 \u00e9vet palackban t\u00f6lt\u00f6tt. Az \u00e9rlel\u00e9si id\u0151 alatt savai megszel\u00edd\u00fcltek, a\u00a0tanninok kisimultak \u00e9s a\u00a0zamata friss csereszny\u00e9b\u0151l lekv\u00e1ros jelleg\u0171v\u00e9 fejl\u0151d\u00f6tt. B\u00e1tran aj\u00e1nljuk b\u00e1rkinek, aki kedveli az \u00e9vj\u00e1ratos bork\u00fcl\u00f6nlegess\u00e9geket.<\/p>\n","protected":false},"featured_media":1032,"comment_status":"open","ping_status":"closed","template":"","meta":{"inline_featured_image":false},"product_brand":[],"product_cat":[55],"product_tag":[],"class_list":{"0":"post-1025","1":"product","2":"type-product","3":"status-publish","4":"has-post-thumbnail","6":"product_cat-bio-borok","7":"pa_farba-voros","8":"pa_objem-075l-hu","9":"pa_rocnik-2009-hu","10":"pa_typ-szaraz","12":"first","13":"instock","14":"taxable","15":"shipping-taxable","16":"purchasable","17":"product-type-simple"},"_links":{"self":[{"href":"https:\/\/pivnicapalik.sk\/hu\/wp-json\/wp\/v2\/product\/1025","targetHints":{"allow":["GET"]}}],"collection":[{"href":"https:\/\/pivnicapalik.sk\/hu\/wp-json\/wp\/v2\/product"}],"about":[{"href":"https:\/\/pivnicapalik.sk\/hu\/wp-json\/wp\/v2\/types\/product"}],"replies":[{"embeddable":true,"href":"https:\/\/pivnicapalik.sk\/hu\/wp-json\/wp\/v2\/comments?post=1025"}],"wp:featuredmedia":[{"embeddable":true,"href":"https:\/\/pivnicapalik.sk\/hu\/wp-json\/wp\/v2\/media\/1032"}],"wp:attachment":[{"href":"https:\/\/pivnicapalik.sk\/hu\/wp-json\/wp\/v2\/media?parent=1025"}],"wp:term":[{"taxonomy":"product_brand","embeddable":true,"href":"https:\/\/pivnicapalik.sk\/hu\/wp-json\/wp\/v2\/product_brand?post=1025"},{"taxonomy":"product_cat","embeddable":true,"href":"https:\/\/pivnicapalik.sk\/hu\/wp-json\/wp\/v2\/product_cat?post=1025"},{"taxonomy":"product_tag","embeddable":true,"href":"https:\/\/pivnicapalik.sk\/hu\/wp-json\/wp\/v2\/product_tag?post=1025"}],"curies":[{"name":"wp","href":"https:\/\/api.w.org\/{rel}","templated":true}]}}