{"id":1026,"date":"2025-03-18T13:54:33","date_gmt":"2025-02-28T16:15:30","guid":{"rendered":"https:\/\/pivnicapalik.sk\/?post_type=product&#038;p=1026"},"modified":"2025-07-10T08:54:51","modified_gmt":"2025-07-10T08:54:51","slug":"chasselas-2022","status":"publish","type":"product","link":"https:\/\/pivnicapalik.sk\/hu\/produkt\/chasselas-2022\/","title":{"rendered":"Chasselas 2022"},"content":{"rendered":"<p>A\u00a0Chasselas vagy Saszla sz\u0151l\u0151fajt\u00e1t a\u00a0vil\u00e1g legt\u00f6bb sz\u0151l\u0151termeszt\u0151 orsz\u00e1gban j\u00f3l ismerik. Franciaorsz\u00e1gban \u00e9s N\u00e9metorsz\u00e1gban els\u0151dlegesen csemegesz\u0151l\u0151k\u00e9nt fogyasztj\u00e1k, azonban Sv\u00e1jcban igencsak kedvelt boralapanyag. Pinc\u00e9szet\u00fcnkben a\u00a0Chasselas-b\u00f3l k\u00e9sz\u00edtett bor er\u0151teljes, \u00fcd\u00edt\u0151 savszerkezettel rendelkezik, amit l\u00e1gy f\u0171szeres illatok teljes\u00edtenek ki.<\/p>\n","protected":false},"excerpt":{"rendered":"<p>A\u00a0Chasselas vagy Saszla sz\u0151l\u0151fajt\u00e1t a\u00a0vil\u00e1g legt\u00f6bb sz\u0151l\u0151termeszt\u0151 orsz\u00e1gban j\u00f3l ismerik. Franciaorsz\u00e1gban \u00e9s N\u00e9metorsz\u00e1gban els\u0151dlegesen csemegesz\u0151l\u0151k\u00e9nt fogyasztj\u00e1k, azonban Sv\u00e1jcban igencsak kedvelt boralapanyag. Pinc\u00e9szet\u00fcnkben a\u00a0Chasselas-b\u00f3l k\u00e9sz\u00edtett bor er\u0151teljes, \u00fcd\u00edt\u0151 savszerkezettel rendelkezik, amit l\u00e1gy f\u0171szeres illatok teljes\u00edtenek ki.<\/p>\n","protected":false},"featured_media":1030,"comment_status":"open","ping_status":"closed","template":"","meta":{"inline_featured_image":false},"product_brand":[],"product_cat":[55],"product_tag":[],"class_list":{"0":"post-1026","1":"product","2":"type-product","3":"status-publish","4":"has-post-thumbnail","6":"product_cat-bio-borok","7":"pa_farba-feher","8":"pa_objem-075l-hu","9":"pa_rocnik-2022-hu","10":"pa_typ-szaraz","12":"first","13":"instock","14":"taxable","15":"shipping-taxable","16":"purchasable","17":"product-type-simple"},"_links":{"self":[{"href":"https:\/\/pivnicapalik.sk\/hu\/wp-json\/wp\/v2\/product\/1026","targetHints":{"allow":["GET"]}}],"collection":[{"href":"https:\/\/pivnicapalik.sk\/hu\/wp-json\/wp\/v2\/product"}],"about":[{"href":"https:\/\/pivnicapalik.sk\/hu\/wp-json\/wp\/v2\/types\/product"}],"replies":[{"embeddable":true,"href":"https:\/\/pivnicapalik.sk\/hu\/wp-json\/wp\/v2\/comments?post=1026"}],"wp:featuredmedia":[{"embeddable":true,"href":"https:\/\/pivnicapalik.sk\/hu\/wp-json\/wp\/v2\/media\/1030"}],"wp:attachment":[{"href":"https:\/\/pivnicapalik.sk\/hu\/wp-json\/wp\/v2\/media?parent=1026"}],"wp:term":[{"taxonomy":"product_brand","embeddable":true,"href":"https:\/\/pivnicapalik.sk\/hu\/wp-json\/wp\/v2\/product_brand?post=1026"},{"taxonomy":"product_cat","embeddable":true,"href":"https:\/\/pivnicapalik.sk\/hu\/wp-json\/wp\/v2\/product_cat?post=1026"},{"taxonomy":"product_tag","embeddable":true,"href":"https:\/\/pivnicapalik.sk\/hu\/wp-json\/wp\/v2\/product_tag?post=1026"}],"curies":[{"name":"wp","href":"https:\/\/api.w.org\/{rel}","templated":true}]}}