{"id":1103,"date":"2025-04-10T09:12:31","date_gmt":"2025-04-10T09:12:31","guid":{"rendered":"https:\/\/pivnicapalik.sk\/produkt\/cabernet-sauvignon-slamove-2011\/"},"modified":"2025-07-10T08:51:56","modified_gmt":"2025-07-10T08:51:56","slug":"cabernet-sauvignon-szalmabor-2011","status":"publish","type":"product","link":"https:\/\/pivnicapalik.sk\/hu\/produkt\/cabernet-sauvignon-szalmabor-2011\/","title":{"rendered":"Cabernet Sauvignon szalmabor 2011"},"content":{"rendered":"<p>A 2011-es \u00e9vj\u00e1rat\u00fa <strong data-start=\"19\" data-end=\"51\">Cabernet Sauvignon szalmabor<\/strong> igazi kincs a borok vil\u00e1g\u00e1ban. Ez a k\u00fcl\u00f6nleges ital nem csup\u00e1n egy bor, hanem egy t\u00f6rt\u00e9net is, amely a gondosan v\u00e1logatott sz\u0151l\u0151szemekkel \u00e9s a term\u00e9szet t\u00fcrelmes munk\u00e1j\u00e1val kezd\u0151dik. A borhoz haszn\u00e1lt sz\u0151l\u0151t k\u00e9zzel sz\u00fcretelt\u00e9k, majd t\u00f6bb h\u00f3napon \u00e1t a padl\u00e1s csendj\u00e9ben l\u00f3gott, ahol a l\u00e1gy szell\u0151 \u00e9rint\u00e9s\u00e9re lassan asz\u00fasodott, mik\u00f6zben \u00edz\u00e9nek gazdags\u00e1ga koncentr\u00e1l\u00f3dott. Az eredm\u00e9ny egy olyan bor, amelyben az \u00e9rett gy\u00fcm\u00f6lcs\u00f6k \u00e9des jegyei f\u0171szeres arom\u00e1kkal keverednek, harmonikus szimf\u00f3ni\u00e1t alkotva. A 2011-es \u00e9vj\u00e1rat val\u00f3di ritkas\u00e1g, amelyet a hossz\u00fa \u00e9rlel\u00e9s m\u00e9g nemesebb\u00e9 tett. T\u00f6k\u00e9letes v\u00e1laszt\u00e1s k\u00fcl\u00f6nleges alkalmakra.<\/p>\n","protected":false},"excerpt":{"rendered":"<p>A 2011-es \u00e9vj\u00e1rat\u00fa Cabernet Sauvignon szalmabor igazi kincs a borok vil\u00e1g\u00e1ban. Ez a k\u00fcl\u00f6nleges ital nem csup\u00e1n egy bor, hanem egy t\u00f6rt\u00e9net is, amely a gondosan v\u00e1logatott sz\u0151l\u0151szemekkel \u00e9s a term\u00e9szet t\u00fcrelmes munk\u00e1j\u00e1val kezd\u0151dik. A borhoz haszn\u00e1lt sz\u0151l\u0151t k\u00e9zzel sz\u00fcretelt\u00e9k, majd t\u00f6bb h\u00f3napon \u00e1t a padl\u00e1s csendj\u00e9ben l\u00f3gott, ahol a l\u00e1gy szell\u0151 \u00e9rint\u00e9s\u00e9re lassan asz\u00fasodott, [&hellip;]<\/p>\n","protected":false},"featured_media":1095,"comment_status":"open","ping_status":"closed","template":"","meta":{"inline_featured_image":false},"product_brand":[],"product_cat":[55],"product_tag":[],"class_list":{"0":"post-1103","1":"product","2":"type-product","3":"status-publish","4":"has-post-thumbnail","6":"product_cat-bio-borok","7":"pa_farba-voros","8":"pa_objem-05l-hu","9":"pa_rocnik-2011-hu","10":"pa_typ-edes","12":"first","13":"instock","14":"taxable","15":"shipping-taxable","16":"purchasable","17":"product-type-simple"},"_links":{"self":[{"href":"https:\/\/pivnicapalik.sk\/hu\/wp-json\/wp\/v2\/product\/1103","targetHints":{"allow":["GET"]}}],"collection":[{"href":"https:\/\/pivnicapalik.sk\/hu\/wp-json\/wp\/v2\/product"}],"about":[{"href":"https:\/\/pivnicapalik.sk\/hu\/wp-json\/wp\/v2\/types\/product"}],"replies":[{"embeddable":true,"href":"https:\/\/pivnicapalik.sk\/hu\/wp-json\/wp\/v2\/comments?post=1103"}],"wp:featuredmedia":[{"embeddable":true,"href":"https:\/\/pivnicapalik.sk\/hu\/wp-json\/wp\/v2\/media\/1095"}],"wp:attachment":[{"href":"https:\/\/pivnicapalik.sk\/hu\/wp-json\/wp\/v2\/media?parent=1103"}],"wp:term":[{"taxonomy":"product_brand","embeddable":true,"href":"https:\/\/pivnicapalik.sk\/hu\/wp-json\/wp\/v2\/product_brand?post=1103"},{"taxonomy":"product_cat","embeddable":true,"href":"https:\/\/pivnicapalik.sk\/hu\/wp-json\/wp\/v2\/product_cat?post=1103"},{"taxonomy":"product_tag","embeddable":true,"href":"https:\/\/pivnicapalik.sk\/hu\/wp-json\/wp\/v2\/product_tag?post=1103"}],"curies":[{"name":"wp","href":"https:\/\/api.w.org\/{rel}","templated":true}]}}